{"id":127,"date":"2021-01-08T12:24:57","date_gmt":"2021-01-08T12:24:57","guid":{"rendered":"https:\/\/abschiedaufbruch.live-website.com\/?page_id=127"},"modified":"2021-01-26T16:41:01","modified_gmt":"2021-01-26T16:41:01","slug":"pewi-kreativ","status":"publish","type":"page","link":"https:\/\/abschied-aufbruch.de\/?page_id=127","title":{"rendered":"Abschied-Kreativ"},"content":{"rendered":"\n<h2 class=\"wp-block-heading\">Foto-<span style=\"color:#141412\" class=\"tadv-color\">H\u00f6rbuch-Projekt:<\/span><span style=\"color:#bc360a\" class=\"tadv-color\"> <\/span><br><span style=\"color:#bc360a\" class=\"tadv-color\"><em>81 Szenen zum Weiterleben<\/em><\/span><\/h2>\n\n\n\n<p>Die <em><span style=\"color:#141412\" class=\"tadv-color\">81 Szenen zum Weiterleben<\/span><\/em> sind meinem Vater gewidmet. Sein Tod 2011 &#8222;passte&#8220; \u00fcberhaupt nicht in mein Lebenskonzept: damals gab es zu viel Arbeit und zu viele Termine. Ich wickelte &#8222;alles&#8220; gesch\u00e4ftsm\u00e4ssig ab und gab mir keine wirkliche Zeit zum Trauern.<\/p>\n\n\n\n<p>Erst mit dem Dichter Rolf Stemmle, dem Fotografen Georg Schraml und dem Schauspielstudenten Maximilian Kraus (alle stammen aus Regensburg bzw. der Region) durfte ich zwei Jahre sp\u00e4ter meinen besonderen Weg des Abschieds gehen. Es entstanden in einer v\u00f6llig verr\u00fcckten Koproduktion die <em>81 Szenen zum Weiterleben<\/em>. \u00dcber ein Jahr hinweg jagte ich Fotomotive. Jedes sollte f\u00fcr eines von den 81 Gedichten stehen, die mir Rolf Stemmle gefertigt hatte. <\/p>\n\n\n\n<p>Urspr\u00fcnglich hatte ich ein Foto-Gedichtband geplant. Als mir dann aber per Zufall Maximilian Kraus mit seiner sonoren Stimme \u00fcber den Weg lief, stand fest: Es durfte kein analoges, sondern musste ein digitales Fotobuch werden- alles andere w\u00e4re unpassend gewesen. Georg Schraml f\u00fchrte mich in die Kunst des Fotografierens ein- und er gab dem Gesamtwerk den passenden Layout- Schliff.  <\/p>\n\n\n\n<p>Zum \u201eReinschnuppern\u201c stelle ich f\u00fcr Euch\/Sie eine Auswahl von&nbsp;<em>81 Szenen zum Weiterleben <\/em>online, viel Spa\u00df beim Angucken.<\/p>\n\n\n\n<p><span style=\"color:#bc360a\" class=\"tadv-color\"><a href=\"https:\/\/abschied-aufbruch.de\/?page_id=633\">Hier geht es zu den <em>81 Szenen zum Weiterleben<\/em>&#8230;<\/a><\/span><\/p>\n\n\n\n<p>Die Websites<br><a rel=\"noreferrer noopener\" href=\"https:\/\/rolf-stemmle.de\" target=\"_blank\"><span style=\"color:#141412\" class=\"tadv-color\">https:\/\/rolf-stemmle.de<\/span><\/a><span style=\"color:#141412\" class=\"tadv-color\"><br><\/span><a rel=\"noreferrer noopener\" href=\"https:\/\/fotografieren-verbindet.de\" target=\"_blank\"><span style=\"color:#141412\" class=\"tadv-color\">https:\/\/fotografieren-verbindet.de<\/span><\/a><\/p>\n\n\n\n<div style=\"height:103px\" aria-hidden=\"true\" class=\"wp-block-spacer\"><\/div>\n\n\n\n<h2 class=\"wp-block-heading\"><span style=\"color:#141412\" class=\"tadv-color\">Foto-Projekt<\/span>:<br><span style=\"color:#bc360a\" class=\"tadv-color\"><em>Der alte J\u00fcdische Friedhof Regensburg, Schillerstra\u00dfe<\/em><\/span><\/h2>\n\n\n\n<p>Mein Fotoprojekt <em><span style=\"color:#141412\" class=\"tadv-color\">Der alte j\u00fcdischer Friedhof Regensburg, Schillerstra\u00dfe<\/span><\/em> erstreckte sich \u00fcber den Zeitraum von zwei Jahren und ist die Einladung, dort einfach mal vorbeizugucken. W\u00e4hrend meiner Dutzenden von Besuchen die letzten Jahre traf ich dort insgesamt h\u00f6chstens 20 weitere Besucher. Er ist allemal einen Besuch wert. Eine kleine andere Welt- mitten in Regensburg.<\/p>\n\n\n\n<p><span style=\"color:#bc360a\" class=\"tadv-color\"><a href=\"https:\/\/abschied-aufbruch.de\/?page_id=659\">Hier geht es zum<em> Der alte j\u00fcdische Friedhof Regensburg, Schillerstra\u00dfe<\/em>&#8230;<\/a><\/span><\/p>\n\n\n\n<div style=\"height:27px\" aria-hidden=\"true\" class=\"wp-block-spacer\"><\/div>\n\n\n\n<p>Websites<br><a href=\"https:\/\/jg-regensburg.de\/friedhoefe\/\">Friedhof der j\u00fcdischen Gemeinde<\/a><a rel=\"noreferrer noopener\" href=\"https:\/\/jg-regensburg.de\/friedhoefe\/\" target=\"_blank\"><br><\/a><\/p>\n","protected":false},"excerpt":{"rendered":"<p>Foto-H\u00f6rbuch-Projekt: 81 Szenen zum Weiterleben Die 81 Szenen zum Weiterleben sind meinem Vater gewidmet. Sein Tod 2011 &#8222;passte&#8220; \u00fcberhaupt nicht in mein Lebenskonzept: damals gab es zu viel Arbeit und zu viele Termine. Ich wickelte &#8222;alles&#8220; gesch\u00e4ftsm\u00e4ssig ab und gab mir keine wirkliche Zeit zum Trauern. Erst mit dem Dichter Rolf Stemmle, dem Fotografen Georg &hellip; <a href=\"https:\/\/abschied-aufbruch.de\/?page_id=127\" class=\"more-link\"><span class=\"screen-reader-text\">Abschied-Kreativ<\/span> weiterlesen <span class=\"meta-nav\">&rarr;<\/span><\/a><\/p>\n","protected":false},"author":1,"featured_media":0,"parent":0,"menu_order":0,"comment_status":"closed","ping_status":"closed","template":"","meta":{"ngg_post_thumbnail":0,"footnotes":""},"class_list":["post-127","page","type-page","status-publish","hentry"],"_links":{"self":[{"href":"https:\/\/abschied-aufbruch.de\/index.php?rest_route=\/wp\/v2\/pages\/127","targetHints":{"allow":["GET"]}}],"collection":[{"href":"https:\/\/abschied-aufbruch.de\/index.php?rest_route=\/wp\/v2\/pages"}],"about":[{"href":"https:\/\/abschied-aufbruch.de\/index.php?rest_route=\/wp\/v2\/types\/page"}],"author":[{"embeddable":true,"href":"https:\/\/abschied-aufbruch.de\/index.php?rest_route=\/wp\/v2\/users\/1"}],"replies":[{"embeddable":true,"href":"https:\/\/abschied-aufbruch.de\/index.php?rest_route=%2Fwp%2Fv2%2Fcomments&post=127"}],"version-history":[{"count":112,"href":"https:\/\/abschied-aufbruch.de\/index.php?rest_route=\/wp\/v2\/pages\/127\/revisions"}],"predecessor-version":[{"id":666,"href":"https:\/\/abschied-aufbruch.de\/index.php?rest_route=\/wp\/v2\/pages\/127\/revisions\/666"}],"wp:attachment":[{"href":"https:\/\/abschied-aufbruch.de\/index.php?rest_route=%2Fwp%2Fv2%2Fmedia&parent=127"}],"curies":[{"name":"wp","href":"https:\/\/api.w.org\/{rel}","templated":true}]}}