{"id":359,"date":"2021-01-11T09:38:18","date_gmt":"2021-01-11T09:38:18","guid":{"rendered":"https:\/\/abschied-aufbruch.de\/?p=359"},"modified":"2021-01-11T10:37:35","modified_gmt":"2021-01-11T10:37:35","slug":"impressum","status":"publish","type":"page","link":"https:\/\/abschied-aufbruch.de\/?page_id=359","title":{"rendered":"Impressum"},"content":{"rendered":"\n<h2 class=\"wp-block-heading\">Verantwortlich<\/h2>\n\n\n\n<p>Name, Vorname: Kabierske, J\u00f6rg&nbsp;<br>Adresse: Rennweg 2, 93049 Regensburg<br>Telefon: 0941-378 20 60<br>Fax: 0941-378 21 00<br>E-Mail: kabierske(at)klicksalat.de<\/p>\n\n\n\n<p>Umsatzsteuer-ID:&nbsp;244\/234\/00109<\/p>\n\n\n\n<p><strong>Datenschutzerkl\u00e4rung<\/strong><\/p>\n\n\n\n<p>abschied-aufbruch.de (J\u00f6rg Kabierske) will Ihre Privatsph\u00e4re respektieren und sch\u00fctzen. Wir haben unsere Websites generell so aufgebaut, dass Sie uns im Netz besuchen k\u00f6nnen, ohne sofort pers\u00f6nlich identifizierbar zu sein und ohne dass pers\u00f6nliche Informationen offen gelegt werden. Sofern Sie individuelle Services aber unsere Internetseite in Anspruch nehmen m\u00f6chten, k\u00f6nnte jedoch eine Verarbeitung personenbezogener Daten erforderlich werden. Ist die Verarbeitung personenbezogener Daten erforderlich und besteht f\u00fcr eine solche Verarbeitung keine gesetzliche Grundlage, holen wir generell eine Einwilligung der betroffenen Person ein.<\/p>\n\n\n\n<p>Die Verarbeitung Ihrer personenbezogenen Daten (u.A. Name, Anschrift, E-Mail-Adresse, Telefonnummer, Bankverbindung) erfolgt stets im Einklang mit der Datenschutz-Grundverordnung und in \u00dcbereinstimmung mit den f\u00fcr uns geltenden landesspezifischen Datenschutzbestimmungen. Mittels dieser Datenschutzerkl\u00e4rung m\u00f6chten wir die \u00d6ffentlichkeit \u00fcber Art, Umfang und Zweck der von uns erhobenen, genutzten und verarbeiteten personenbezogenen Daten informieren. Ferner werden betroffene Personen mittels dieser Datenschutzerkl\u00e4rung \u00fcber die ihnen zustehenden Rechte aufgekl\u00e4rt.<\/p>\n\n\n\n<p>Wir haben als f\u00fcr die Verarbeitung Verantwortlicher zahlreiche technische und organisatorische Ma\u00dfnahmen umgesetzt, um einen m\u00f6glichst l\u00fcckenlosen Schutz der \u00fcber diese Internetseite verarbeiteten personenbezogenen Daten sicherzustellen. Dennoch k\u00f6nnen internetbasierte Daten\u00fcbertragungen grunds\u00e4tzlich Sicherheitsl\u00fccken aufweisen, sodass ein absoluter Schutz nicht gew\u00e4hrleistet werden kann. Aus diesem Grund steht es jeder betroffenen Person frei, personenbezogene Daten auch auf alternativen Wegen, beispielsweise per Briefpost&nbsp;<br>oder telefonisch, an uns zu \u00fcbermitteln.<\/p>\n\n\n\n<p>Die Datenschutzerkl\u00e4rung von der Firma klicksalat.de J\u00f6rg Kabierske beruht auf den Begrifflichkeiten, die durch den Europ\u00e4ischen Richtlinien- und Verordnungsgeber beim Erlass der Datenschutz-Grundverordnung (DS-GVO) verwendet wurden. Unsere Datenschutzerkl\u00e4rung soll sowohl f\u00fcr die \u00d6ffentlichkeit als auch f\u00fcr unsere Kunden und Gesch\u00e4ftspartner einfach lesbar und verst\u00e4ndlich sein. Den&nbsp;<em>f\u00fcr die Verarbeitung Verantwortlichen<\/em>&nbsp;bezeichnen wir auch als&nbsp;<em>klicksalat.de<\/em>&nbsp;oder&nbsp;<em>wir<\/em>&nbsp;bzw.&nbsp;<em>uns<\/em>. Mit der&nbsp;<em>Betroffenen Person<\/em>&nbsp;sind i.d.R.&nbsp;<em>Sie<\/em>&nbsp;als nat\u00fcrliche Person gemeint.<\/p>\n\n\n\n<ul class=\"wp-block-list\"><li>Name und Anschrift des f\u00fcr die Verarbeitung Verantwortlichen<\/li><\/ul>\n\n\n\n<p>Verantwortlicher im Sinne der Datenschutz-Grundverordnung, sonstiger in den Mitgliedstaaten der Europ\u00e4ischen Union geltenden Datenschutzgesetze und anderer Bestimmungen mit datenschutzrechtlichem Charakter ist:<\/p>\n\n\n\n<p>Klicksalat.de J\u00f6rg Kabierske<br>Rennweg 2<br>DE-93049 Regensburg<\/p>\n\n\n\n<p>Tel.: +49(0)941-378 20 60<br>E-Mail: kabierske@klicksalat.de<\/p>\n\n\n\n<ul class=\"wp-block-list\"><li>Name und Anschrift des beauftragten Auftragsverarbeiters<\/li><\/ul>\n\n\n\n<p>Der folgende Auftragsverarbeiter verarbeitet personenbezogene Daten f\u00fcr den Verantwortlichen im Sinne von Art. 4 Nr. 2 und Art. 28 DS-GVO auf Grundlage eines Auftragsverarbeitungsvertrags nach Art. 28 Abs. 3 DS-GVO:<\/p>\n\n\n\n<p>1&amp;1 IONOS SE Elgendorfer Str. 57<br>56410 Montabaur<\/p>\n\n\n\n<p>Fragen zum Thema Datenschutz k\u00f6nnen Sie an folgenden Datenschutzbeauftragten richten:<\/p>\n\n\n\n<p>1&amp;1 IONOS SE<br>Der Datenschutzbeauftragte<br>Elgendorfer Stra\u00dfe 57<br>56410 Montabaur<\/p>\n\n\n\n<p>Gegenstand des Auftragsverarbeitungsvertrages ist die Zurverf\u00fcgungstellung der Website im Internet sowie der eMail-Adressen (entspricht Hosting-T\u00e4tigkeit).<\/p>\n\n\n\n<ul class=\"wp-block-list\"><li>Erfassung von allgemeinen Daten und Informationen<\/li><\/ul>\n\n\n\n<p>Die Internetseite www.abschied-aufbruch.de (J\u00f6rg Kabierske) erfasst mit jedem Aufruf der Internetseite durch Sie oder ein automatisiertes System eine Reihe von allgemeinen Daten und Informationen. Diese allgemeinen Daten und Informationen werden in den Logfiles des Servers gespeichert. Erfasst werden k\u00f6nnen (1) die verwendeten Browsertypen und Versionen, (2) das vom zugreifenden System verwendete Betriebssystem, (3) die Internetseite, von welcher ein zugreifendes System auf unsere Internetseite gelangt (sogenannte Referrer), (4) die Unterwebseiten, welche \u00fcber ein zugreifendes System auf unserer Internetseite angesteuert werden, (5) das Datum und die Uhrzeit eines Zugriffs auf die Internetseite, (6) eine Internet-Protokoll-Adresse (IP-Adresse), (7) Ihr bzw. der Internet-Service-Provider (ISP) und (8) sonstige \u00e4hnliche Daten und Informationen, die der Gefahrenabwehr im Falle von Angriffen auf unsere informationstechnologischen Systeme dienen.<\/p>\n\n\n\n<p>Bei der Nutzung dieser allgemeinen Daten und Informationen ziehen wir keine R\u00fcckschl\u00fcsse auf die betroffene Person. Diese Informationen werden vielmehr ben\u00f6tigt, um (1) die Inhalte unserer Internetseite korrekt auszuliefern, (2) die dauerhafte Funktionsf\u00e4higkeit unserer informationstechnologischen Systeme und der Technik unserer Internetseite zu gew\u00e4hrleisten sowie (3) um Strafverfolgungsbeh\u00f6rden im Falle eines Cyberangriffes die zur Strafverfolgung notwendigen Informationen bereitzustellen. Diese anonym erhobenen Daten und Informationen werden durch uns daher einerseits statistisch und ferner mit dem Ziel ausgewertet, den Datenschutz und die Datensicherheit in unserem Unternehmen zu erh\u00f6hen, um letztlich ein optimales Schutzniveau f\u00fcr die von uns verarbeiteten personenbezogenen Daten sicherzustellen. Die anonymen Daten der Server-Logfiles werden getrennt von allen durch Sie angegebenen personenbezogenen Daten gespeichert.<\/p>\n\n\n\n<ul class=\"wp-block-list\"><li>Routinem\u00e4\u00dfige L\u00f6schung und Sperrung von personenbezogenen Daten<\/li><\/ul>\n\n\n\n<p>Wir verarbeiten und speichern Ihre personenbezogenen Daten nur f\u00fcr den Zeitraum, der zur Erreichung des Speicherungszwecks erforderlich ist oder sofern dies durch den Europ\u00e4ischen Richtlinien- und Verordnungsgeber oder einen anderen Gesetzgeber in Gesetzen oder Vorschriften, welchen der f\u00fcr die Verarbeitung Verantwortliche unterliegt, vorgesehen wurde.<\/p>\n\n\n\n<p>Entf\u00e4llt der Speicherungszweck oder l\u00e4uft eine vom Europ\u00e4ischen Richtlinien- und Verordnungsgeber oder einem anderen zust\u00e4ndigen Gesetzgeber vorgeschriebene Speicherfrist ab, werden die personenbezogenen Daten routinem\u00e4\u00dfig und entsprechend den gesetzlichen Vorschriften gesperrt oder gel\u00f6scht.<\/p>\n\n\n\n<ul class=\"wp-block-list\"><li>Rechte der betroffenen Person<ul><li>Recht auf Auskunft<ul><li>die Verarbeitungszwecke<\/li><li>die Kategorien personenbezogener Daten, die verarbeitet werden<\/li><li>die Empf\u00e4nger oder Kategorien von Empf\u00e4ngern, gegen\u00fcber denen die personenbezogenen Daten offengelegt worden sind oder noch offengelegt werden, insbesondere bei Empf\u00e4ngern in Drittl\u00e4ndern oder bei internationalen Organisationen<\/li><li>falls m\u00f6glich die geplante Dauer, f\u00fcr die die personenbezogenen Daten gespeichert werden, oder, falls dies nicht m\u00f6glich ist, die Kriterien f\u00fcr die Festlegung dieser Dauer<\/li><li>das Bestehen eines Rechts auf Berichtigung oder L\u00f6schung der sie betreffenden personenbezogenen Daten oder auf Einschr\u00e4nkung der Verarbeitung durch den Verantwortlichen oder eines Widerspruchsrechts gegen diese Verarbeitung<\/li><li>das Bestehen eines Beschwerderechts bei einer Aufsichtsbeh\u00f6rde<\/li><li>wenn die personenbezogenen Daten nicht bei der betroffenen Person erhoben werden: Alle verf\u00fcgbaren Informationen \u00fcber die Herkunft der Daten<\/li><li>das Bestehen einer automatisierten Entscheidungsfindung einschlie\u00dflich Profiling gem\u00e4\u00df Artikel 22 Abs.1 und 4 DS-GVO und &#8211; zumindest in diesen F\u00e4llen &#8211; aussagekr\u00e4ftige Informationen \u00fcber die involvierte Logik sowie die Tragweite und die angestrebten Auswirkungen einer derartigen Verarbeitung f\u00fcr die betroffene Person<\/li><\/ul><\/li><\/ul><\/li><\/ul>\n\n\n\n<p>Ferner steht Ihnen ein Auskunftsrecht dar\u00fcber zu, ob personenbezogene Daten an ein Drittland oder an eine internationale Organisation \u00fcbermittelt wurden. Sofern dies der Fall ist, so steht Ihnen im \u00dcbrigen das Recht zu, Auskunft \u00fcber die geeigneten Garantien im Zusammenhang mit der \u00dcbermittlung zu erhalten.<\/p>\n\n\n\n<ul class=\"wp-block-list\"><li>Recht auf L\u00f6schung\/Recht auf Vergessen werden<ul><li>Die personenbezogenen Daten wurden f\u00fcr solche Zwecke erhoben oder auf sonstige Weise verarbeitet, f\u00fcr welche sie nicht mehr notwendig sind.<\/li><li>Die betroffene Person widerruft ihre Einwilligung, auf die sich die Verarbeitung gem\u00e4\u00df Art. 6 Abs. 1 Buchstabe a DS-GVO oder Art. 9 Abs. 2 Buchstabe a DS-GVO st\u00c3\u00bctzte, und es fehlt an einer anderweitigen Rechtsgrundlage f\u00fcr die Verarbeitung.<\/li><li>Die betroffene Person legt gem\u00e4\u00df Art. 21 Abs. 1 DS-GVO Widerspruch gegen die Verarbeitung ein, und es liegen keine vorrangigen berechtigten Gr\u00fcnde f\u00fcr die Verarbeitung vor, oder die betroffene Person legt gem\u00e4\u00df Art. 21 Abs. 2 DS-GVO Widerspruch gegen die Verarbeitung ein.<\/li><li>Die personenbezogenen Daten wurden unrechtm\u00e4\u00dfig verarbeitet.<\/li><li>Die L\u00f6schung der personenbezogenen Daten ist zur Erf\u00fcllung einer rechtlichen Verpflichtung nach dem Unionsrecht oder dem Recht der Mitgliedstaaten erforderlich, dem der Verantwortliche unterliegt.<\/li><li>Die personenbezogenen Daten wurden in Bezug auf angebotene Dienste der Informationsgesellschaft gem\u00e4\u00df Art. 8 Abs. 1 DS-GVO erhoben.<\/li><\/ul><\/li><\/ul>\n\n\n\n<p>Sofern einer der folgenden Gr\u00fcnde zutrifft und soweit die Verarbeitung nicht erforderlich ist, besteht ein Recht auf L\u00f6schung:<\/p>\n\n\n\n<p>Wurden die personenbezogenen Daten von uns \u00f6ffentlich gemacht und sind wir als Verantwortlicher gem\u00e4\u00df Art. 17 Abs. 1 DS-GVO zur L\u00f6schung der personenbezogenen Daten verpflichtet, so trifft uns unter Ber\u00fccksichtigung der verf\u00fcgbaren Technologie und der Implementierungskosten angemessene Ma\u00dfnahmen, auch technischer Art, um andere f\u00fcr die Datenverarbeitung Verantwortliche, welche die ver\u00f6ffentlichten personenbezogenen Daten verarbeiten, dar\u00fcber in Kenntnis zu setzen, dass Sie von diesen anderen f\u00fcr die Datenverarbeitung Verantwortlichen die L\u00f6schung s\u00e4mtlicher Links zu diesen personenbezogenen Daten oder von Kopien oder Replikationen dieser personenbezogenen Daten verlangt haben, soweit die Verarbeitung nicht erforderlich ist. Wir werden im Einzelfall das Notwendige veranlassen.<\/p>\n\n\n\n<ul class=\"wp-block-list\"><li>Recht auf Einschr\u00e4nkung der Verarbeitung<ul><li>Die Richtigkeit der personenbezogenen Daten wird von Ihnen bestritten, und zwar f\u00fcr eine Dauer, die es uns erm\u00f6glicht, die Richtigkeit der personenbezogenen Daten zu \u00fcberpr\u00fcfen.<\/li><li>Die Verarbeitung ist unrechtm\u00e4\u00dfig, die betroffene Person lehnt die L\u00f6schung der personenbezogenen Daten ab und verlangt stattdessen die Einschr\u00e4nkung der Nutzung der personenbezogenen Daten.<\/li><li>Wir ben\u00f6tigen die personenbezogenen Daten f\u00fcr die Zwecke der Verarbeitung nicht l\u00e4nger, die betroffene Person ben\u00f6tigt sie jedoch zur Geltendmachung, Aus\u00fcbung oder Verteidigung von Rechtsanspr\u00fcchen.<\/li><li>Sie haben Widerspruch gegen die Verarbeitung gem. Art. 21 Abs. 1 DS-GVO eingelegt und es steht noch nicht fest, ob die berechtigten Gr\u00fcnde des Verantwortlichen gegen\u00fcber denen der betroffenen Person \u00fcberwiegen.<\/li><\/ul><\/li><\/ul>\n\n\n\n<p>Sofern eine der folgenden Voraussetzungen gegeben ist, besteht ein Recht auf Einschr\u00e4nkung der Verarbeitung:<\/p>\n\n\n\n<ol class=\"wp-block-list\"><li>von uns eine&nbsp;<strong>Best\u00e4tigung<\/strong>&nbsp;dar\u00fcber zu verlangen, ob Sie betreffende personenbezogene Daten von uns verarbeitet werden<\/li><li>jederzeit von uns unentgeltliche&nbsp;<strong>Auskunft<\/strong>&nbsp;\u00fcber die zu Ihrer Person gespeicherten personenbezogenen Daten gem\u00e4\u00df Abschnitt I. und eine Kopie dieser Auskunft zu erhalten<\/li><li>die unverz\u00fcgliche&nbsp;<strong>Berichtigung<\/strong>&nbsp;sie betreffender unrichtiger personenbezogener Daten zu verlangen<\/li><li>von uns zu verlangen, dass die Ihnen betreffenden personenbezogenen Daten unverz\u00fcglich&nbsp;<strong>gel\u00f6scht werden<\/strong>, sofern einer der Gr\u00fcnde unter Abschnitt II. zutrifft und soweit die Verarbeitung nicht erforderlich ist<\/li><li>von uns die&nbsp;<strong>Einschr\u00e4nkung<\/strong>&nbsp;der Verarbeitung zu verlangen, wenn eine der Voraussetzungen in Abschnitt III. gegeben ist<\/li><li><strong>Beschwerde<\/strong>&nbsp;bei einer Aufsichtsbeh\u00f6rde gegen die Verarbeitung Ihrer personenbezogenen Daten einzulegen<\/li><li>die Sie betreffenden personenbezogenen Daten, welche durch Sie bereitgestellt wurden, in einem strukturierten, g\u00e4ngigen und maschinenlesbaren Format zu erhalten; Sie haben au\u00dferdem das Recht, diese Daten einem anderen Verantwortlichen (ggf. gem\u00e4\u00df Art. 20 Abs. 1 DS-GVO) ohne Behinderung durch uns, dem die personenbezogenen Daten bereitgestellt wurden, zu \u00fcbermitteln, sofern die Verarbeitung auf der Einwilligung gem\u00e4\u00df Art. 6 Abs. 1 Buchstabe a DS-GVO oder Art. 9 Abs. 2 Buchstabe a DS-GVO oder auf einem Vertrag gem\u00e4\u00df Art. 6 Abs. 1 Buchstabe b DS-GVO beruht und die Verarbeitung mithilfe automatisierter Verfahren erfolgt, sofern die Verarbeitung nicht f\u00fcr die Wahrnehmung einer Aufgabe erforderlich ist, die im \u00f6ffentlichen Interesse liegt oder in Aus\u00fcbung \u00f6ffentlicher Gewalt erfolgt, welche dem Verantwortlichen \u00fcbertragen wurde<\/li><li>aus Gr\u00fcnden, die sich aus einer besonderen Situation ergeben, jederzeit gegen die Verarbeitung Sie betreffender personenbezogener Daten, die aufgrund von Art. 6 Abs. 1 Buchstaben e oder f DS-GVO erfolgt,&nbsp;<strong>Widerspruch einzulegen<\/strong>. Dies gilt auch f\u00fcr ein auf diese Bestimmungen gest\u00fctztes Profiling; Firma klicksalat.de J\u00f6rg Kabierske verarbeitet die personenbezogenen Daten im Falle des Widerspruchs nicht mehr, es sei denn, wir k\u00f6nnen zwingende schutzw\u00fcrdige Gr\u00fcnde f\u00fcr die Verarbeitung nachweisen, die Ihren Interessen, Rechten und Freiheiten \u00fcberwiegen, oder die Verarbeitung dient der Geltendmachung, Aus\u00fcbung oder Verteidigung von Rechtsanspr\u00fcchen; Zur Aus\u00fcbung des Rechts auf Widerspruch steht es frei, im Zusammenhang mit der Nutzung von Diensten der Informationsgesellschaft, ungeachtet der Richtlinie 2002\/58\/EG, Ihr Widerspruchsrecht mittels automatisierter Verfahren auszu\u00fcben, bei denen technische Spezifikationen verwendet werden<\/li><li>nicht einer ausschlie\u00dflich auf einer&nbsp;<strong>automatisierten Verarbeitung<\/strong>&nbsp;&#8211; einschlie\u00dflich Profiling &#8211; beruhenden Entscheidung unterworfen zu werden, die Ihnen gegen\u00fcber rechtliche Wirkung entfaltet oder Sie in \u00e4hnlicher Weise erheblich beeintr\u00e4chtigt, sofern die Entscheidung (1) nicht f\u00fcr den Abschluss oder die Erf\u00fcllung eines Vertrags zwischen Ihnen und uns erforderlich ist, oder (2) aufgrund von Rechtsvorschriften der Union oder der Mitgliedstaaten, denen wir unterliegen, zul\u00e4ssig ist und diese Rechtsvorschriften Ihnen angemessene Ma\u00dfnahmen zur Wahrung der Rechte und Freiheiten sowie der berechtigten Interessen enthalten oder (3) mit Ihrer ausdr\u00fccklichen Einwilligung erfolgt; Ist die Entscheidung (1) f\u00fcr Abschluss oder die Erf\u00fcllung eines Vertrags zwischen Ihnen und uns erforderlich oder (2) erfolgt sie mit Ihrer ausdr\u00fccklichen Einwilligung, trifft die Firma klicksalat.de angemessene Ma\u00dfnahmen, um die Rechte und Freiheiten sowie Ihre berechtigten Interessen zu wahren, wozu mindestens das Recht auf Erwirkung des Eingreifens einer Person unseres Unternehmens, auf Darlegung des eigenen Standpunkts und auf Anfechtung der Entscheidung geh\u00f6rt<\/li><li>eine Einwilligung zur Verarbeitung personenbezogener Daten jederzeit zu widerrufen<\/li><\/ol>\n\n\n\n<p>Sie haben das vom Europ\u00e4ischen Richtlinien- und Verordnungsgeber dieses gew\u00e4hrte Recht.<\/p>\n\n\n\n<p>M\u00f6chten Sie eines oder mehrere dieser Rechte in Anspruch nehmen, k\u00f6nnen Sie sich hierzu jederzeit an uns wenden.<\/p>\n\n\n\n<ul class=\"wp-block-list\"><li>Rechtsgrundlage der Verarbeitung<\/li><\/ul>\n\n\n\n<p>Art. 6 I lit. a DS-GVO dient unserem Unternehmen als Rechtsgrundlage f\u00fcr Verarbeitungsvorg\u00e4nge, bei denen wir eine Einwilligung f\u00fcr einen bestimmten Verarbeitungszweck einholen. Ist die Verarbeitung personenbezogener Daten zur Erf\u00fcllung eines Vertrags, dessen Vertragspartei Sie sind, erforderlich, wie dies beispielsweise bei Verarbeitungsvorg\u00e4ngen der Fall ist, die f\u00fcr eine Lieferung von Waren oder die Erbringung einer sonstigen Leistung oder Gegenleistung notwendig sind, so beruht die Verarbeitung auf Art. 6 I lit. b DS-GVO. Gleiches gilt f\u00fcr solche Verarbeitungsvorg\u00e4nge die zur Durchf\u00fchrung vorvertraglicher Ma\u00dfnahmen erforderlich sind, etwa in F\u00e4llen von Anfragen zu unseren Produkten oder Leistungen. Unterliegt unser Unternehmen einer rechtlichen Verpflichtung durch welche eine Verarbeitung von personenbezogenen Daten erforderlich wird, wie beispielsweise zur Erf\u00fcllung steuerlicher Pflichten, so basiert die Verarbeitung auf Art. 6 I lit. c DS-GVO. In seltenen F\u00e4llen k\u00f6nnte die Verarbeitung von personenbezogenen Daten erforderlich werden, um lebenswichtige Interessen der betroffenen Person oder einer anderen nat\u00fcrlichen Person zu sch\u00e4tzen. Dies w\u00e4re beispielsweise der Fall, wenn ein Besucher in unserem Betrieb verletzt werden w\u00fcrde und daraufhin sein Name, sein Alter, seine Krankenkassendaten oder sonstige lebenswichtige Informationen an einen Arzt, ein Krankenhaus oder sonstige Dritte weitergegeben werden m\u00fcssten. Dann w\u00fcrde die Verarbeitung auf Art. 6 I lit. d DS-GVO beruhen. Letztlich k\u00f6nnten Verarbeitungsvorg\u00e4nge auf Art. 6 I lit. f DS-GVO beruhen. Auf dieser Rechtsgrundlage basieren Verarbeitungsvorg\u00e4nge, die von keiner der vorgenannten Rechtsgrundlagen erfasst werden, wenn die Verarbeitung zur Wahrung eines berechtigten Interesses unseres Unternehmens oder eines Dritten erforderlich ist, sofern die Interessen, Grundrechte und Grundfreiheiten des Betroffenen nicht \u00fcberwiegen. Solche Verarbeitungsvorg\u00e4nge sind uns insbesondere deshalb gestattet, weil sie durch den Europ\u00e4ischen Gesetzgeber besonders erw\u00e4hnt wurden. Er vertrat insoweit die Auffassung, dass ein berechtigtes Interesse anzunehmen sein k\u00f6nnte, wenn die betroffene Person ein Kunde des Verantwortlichen ist (Erw\u00e4gungsgrund 47 Satz 2 DS-GVO).<\/p>\n\n\n\n<p>Basiert die Verarbeitung personenbezogener Daten auf Artikel 6 I lit. f DS-GVO, ist unser berechtigtes Interesse die Durchf\u00fchrung unserer Gesch\u00e4ftst\u00e4tigkeit zugunsten des Wohlergehens all unserer Mitarbeiter und unserer Anteilseigner.<\/p>\n\n\n\n<ul class=\"wp-block-list\"><li>Dauer der Speicherung personenbezogener Daten<\/li><\/ul>\n\n\n\n<p>Das Kriterium f\u00fcr die Dauer der Speicherung von personenbezogenen Daten ist die jeweilige gesetzliche Aufbewahrungsfrist. Nach Ablauf der Frist werden die entsprechenden Daten routinem\u00e4\u00dfig gel\u00f6scht, sofern sie nicht mehr zur Vertragserf\u00fcllung oder Vertragsanbahnung erforderlich sind.<\/p>\n\n\n\n<ul class=\"wp-block-list\"><li>Vorschriften zur Bereitstellung; Erforderlichkeit bzw. Verpflichtung, die personenbezogenen Daten bereitzustellen; m\u00f6gliche Folgen der Nichtbereitstellung<\/li><\/ul>\n\n\n\n<p>Wir kl\u00e4ren Sie dar\u00fcber auf, dass die Bereitstellung personenbezogener Daten zum Teil gesetzlich vorgeschrieben ist (z.B. Steuervorschriften) oder sich auch aus vertraglichen Regelungen (z.B. Angaben zum Vertragspartner) ergeben kann. Mitunter kann es zu einem Vertragsschluss erforderlich sein, dass Sie uns personenbezogene Daten zur Verf\u00fcgung stellen, die in der Folge durch uns verarbeitet werden m\u00fcssen. Sie sind beispielsweise verpflichtet uns personenbezogene Daten bereitzustellen, wenn unser Unternehmen mit Ihnen einen Vertrag abschlie\u00dft. Eine Nichtbereitstellung der personenbezogenen Daten h\u00e4tte zur Folge, dass der Vertrag mit Ihnen nicht geschlossen werden k\u00f6nnte. Vor einer Bereitstellung personenbezogener Daten durch Sie k\u00f6nnen Sie sich an uns wenden. Wir kl\u00e4ren Sie einzelfallbezogen dar\u00fcber auf, ob die Bereitstellung der personenbezogenen Daten gesetzlich oder vertraglich vorgeschrieben oder f\u00fcr den Vertragsabschluss erforderlich ist, ob eine Verpflichtung besteht, die personenbezogenen Daten bereitzustellen, und welche Folgen die Nichtbereitstellung der personenbezogenen Daten h\u00e4tte.<\/p>\n\n\n\n<ul class=\"wp-block-list\"><li>Automatisierte Entscheidungsfindung<\/li><\/ul>\n\n\n\n<p>Als verantwortungsbewusstes Unternehmen verzichten wir auf eine automatische Entscheidungsfindung oder ein Profiling.<\/p>\n\n\n\n<ul class=\"wp-block-list\"><li>Links zu anderen Webseiten<\/li><\/ul>\n\n\n\n<p>Unser Online-Angebot enth\u00e4lt u.U. Links zu anderen Websites. Wir haben keinen Einfluss darauf, dass deren Betreiber die Datenschutzbestimmungen einhalten.<\/p>\n","protected":false},"excerpt":{"rendered":"<p>Verantwortlich Name, Vorname: Kabierske, J\u00f6rg&nbsp;Adresse: Rennweg 2, 93049 RegensburgTelefon: 0941-378 20 60Fax: 0941-378 21 00E-Mail: kabierske(at)klicksalat.de Umsatzsteuer-ID:&nbsp;244\/234\/00109 Datenschutzerkl\u00e4rung abschied-aufbruch.de (J\u00f6rg Kabierske) will Ihre Privatsph\u00e4re respektieren und sch\u00fctzen. Wir haben unsere Websites generell so aufgebaut, dass Sie uns im Netz besuchen k\u00f6nnen, ohne sofort pers\u00f6nlich identifizierbar zu sein und ohne dass pers\u00f6nliche Informationen offen gelegt werden. &hellip; <a href=\"https:\/\/abschied-aufbruch.de\/?page_id=359\" class=\"more-link\"><span class=\"screen-reader-text\">Impressum<\/span> weiterlesen <span class=\"meta-nav\">&rarr;<\/span><\/a><\/p>\n","protected":false},"author":1,"featured_media":0,"parent":0,"menu_order":0,"comment_status":"closed","ping_status":"closed","template":"","meta":{"ngg_post_thumbnail":0,"footnotes":""},"class_list":["post-359","page","type-page","status-publish","hentry"],"_links":{"self":[{"href":"https:\/\/abschied-aufbruch.de\/index.php?rest_route=\/wp\/v2\/pages\/359","targetHints":{"allow":["GET"]}}],"collection":[{"href":"https:\/\/abschied-aufbruch.de\/index.php?rest_route=\/wp\/v2\/pages"}],"about":[{"href":"https:\/\/abschied-aufbruch.de\/index.php?rest_route=\/wp\/v2\/types\/page"}],"author":[{"embeddable":true,"href":"https:\/\/abschied-aufbruch.de\/index.php?rest_route=\/wp\/v2\/users\/1"}],"replies":[{"embeddable":true,"href":"https:\/\/abschied-aufbruch.de\/index.php?rest_route=%2Fwp%2Fv2%2Fcomments&post=359"}],"version-history":[{"count":4,"href":"https:\/\/abschied-aufbruch.de\/index.php?rest_route=\/wp\/v2\/pages\/359\/revisions"}],"predecessor-version":[{"id":385,"href":"https:\/\/abschied-aufbruch.de\/index.php?rest_route=\/wp\/v2\/pages\/359\/revisions\/385"}],"wp:attachment":[{"href":"https:\/\/abschied-aufbruch.de\/index.php?rest_route=%2Fwp%2Fv2%2Fmedia&parent=359"}],"curies":[{"name":"wp","href":"https:\/\/api.w.org\/{rel}","templated":true}]}}