{"id":659,"date":"2021-01-26T14:44:38","date_gmt":"2021-01-26T14:44:38","guid":{"rendered":"https:\/\/abschied-aufbruch.de\/?page_id=659"},"modified":"2021-01-26T14:44:39","modified_gmt":"2021-01-26T14:44:39","slug":"foto-projekt-der-alte-juedischer-friedhof-regensburg-schillerstrasse","status":"publish","type":"page","link":"https:\/\/abschied-aufbruch.de\/?page_id=659","title":{"rendered":"Foto-Projekt: Der alte J\u00fcdischer Friedhof Regensburg, Schillerstra\u00dfe"},"content":{"rendered":"\n<div class=\"wp-block-group\"><div class=\"wp-block-group__inner-container is-layout-flow wp-block-group-is-layout-flow\">\n<h2 class=\"wp-block-heading\"><\/h2>\n\n\n\n<p>Mein Fotoprojekt <em><span style=\"color:#141412\" class=\"tadv-color\">Der alte j\u00fcdischer Friedhof Regensburg, Schillerstra\u00dfe<\/span><\/em> erstreckte sich \u00fcber den Zeitraum von zwei Jahren und ist die Einladung, dort einfach mal vorbeizugucken. W\u00e4hrend meiner Dutzenden von Besuchen die letzten Jahre traf ich dort insgesamt h\u00f6chstens 20 weitere Besucher. Er ist allemal einen Besuch wert. Eine kleine andere Welt- mitten in Regensburg.<\/p>\n<\/div><\/div>\n\n\n\n<figure class=\"wp-block-gallery columns-1 is-cropped wp-block-gallery-1 is-layout-flex wp-block-gallery-is-layout-flex\"><ul class=\"blocks-gallery-grid\"><li class=\"blocks-gallery-item\"><figure><img loading=\"lazy\" decoding=\"async\" width=\"678\" height=\"958\" src=\"https:\/\/abschied-aufbruch.de\/wp-content\/uploads\/2021\/01\/Neuer-Zugang.png\" alt=\"\" data-id=\"548\" data-full-url=\"https:\/\/abschied-aufbruch.de\/wp-content\/uploads\/2021\/01\/Neuer-Zugang.png\" data-link=\"https:\/\/abschied-aufbruch.de\/?attachment_id=548\" class=\"wp-image-548\" srcset=\"https:\/\/abschied-aufbruch.de\/wp-content\/uploads\/2021\/01\/Neuer-Zugang.png 678w, https:\/\/abschied-aufbruch.de\/wp-content\/uploads\/2021\/01\/Neuer-Zugang-212x300.png 212w\" sizes=\"auto, (max-width: 678px) 100vw, 678px\" \/><\/figure><\/li><\/ul><\/figure>\n\n\n\n<figure class=\"wp-block-image size-large is-resized\"><img loading=\"lazy\" decoding=\"async\" src=\"https:\/\/abschied-aufbruch.de\/wp-content\/uploads\/2021\/01\/Mittagsku\u0308hle.png\" alt=\"\" class=\"wp-image-549\" width=\"616\" height=\"872\" srcset=\"https:\/\/abschied-aufbruch.de\/wp-content\/uploads\/2021\/01\/Mittagsku\u0308hle.png 676w, https:\/\/abschied-aufbruch.de\/wp-content\/uploads\/2021\/01\/Mittagsku\u0308hle-212x300.png 212w\" sizes=\"auto, (max-width: 616px) 100vw, 616px\" \/><\/figure>\n\n\n\n<figure class=\"wp-block-image size-large\"><img loading=\"lazy\" decoding=\"async\" width=\"677\" height=\"959\" src=\"https:\/\/abschied-aufbruch.de\/wp-content\/uploads\/2021\/01\/Abendstunde04.png\" alt=\"\" class=\"wp-image-544\" srcset=\"https:\/\/abschied-aufbruch.de\/wp-content\/uploads\/2021\/01\/Abendstunde04.png 677w, https:\/\/abschied-aufbruch.de\/wp-content\/uploads\/2021\/01\/Abendstunde04-212x300.png 212w\" sizes=\"auto, (max-width: 677px) 100vw, 677px\" \/><\/figure>\n\n\n\n<figure class=\"wp-block-image size-large\"><img loading=\"lazy\" decoding=\"async\" width=\"677\" height=\"955\" src=\"https:\/\/abschied-aufbruch.de\/wp-content\/uploads\/2021\/01\/Abendstunde03.png\" alt=\"\" class=\"wp-image-543\" srcset=\"https:\/\/abschied-aufbruch.de\/wp-content\/uploads\/2021\/01\/Abendstunde03.png 677w, https:\/\/abschied-aufbruch.de\/wp-content\/uploads\/2021\/01\/Abendstunde03-213x300.png 213w\" sizes=\"auto, (max-width: 677px) 100vw, 677px\" \/><\/figure>\n\n\n\n<figure class=\"wp-block-image size-large\"><img loading=\"lazy\" decoding=\"async\" width=\"674\" height=\"956\" src=\"https:\/\/abschied-aufbruch.de\/wp-content\/uploads\/2021\/01\/Abendstunde02.png\" alt=\"\" class=\"wp-image-542\" srcset=\"https:\/\/abschied-aufbruch.de\/wp-content\/uploads\/2021\/01\/Abendstunde02.png 674w, https:\/\/abschied-aufbruch.de\/wp-content\/uploads\/2021\/01\/Abendstunde02-212x300.png 212w\" sizes=\"auto, (max-width: 674px) 100vw, 674px\" \/><\/figure>\n\n\n\n<figure class=\"wp-block-image size-large\"><img loading=\"lazy\" decoding=\"async\" width=\"675\" height=\"955\" src=\"https:\/\/abschied-aufbruch.de\/wp-content\/uploads\/2021\/01\/Abendstunde01.png\" alt=\"\" class=\"wp-image-541\" srcset=\"https:\/\/abschied-aufbruch.de\/wp-content\/uploads\/2021\/01\/Abendstunde01.png 675w, https:\/\/abschied-aufbruch.de\/wp-content\/uploads\/2021\/01\/Abendstunde01-212x300.png 212w\" sizes=\"auto, (max-width: 675px) 100vw, 675px\" \/><\/figure>\n\n\n\n<figure class=\"wp-block-image size-large\"><img loading=\"lazy\" decoding=\"async\" width=\"680\" height=\"958\" src=\"https:\/\/abschied-aufbruch.de\/wp-content\/uploads\/2021\/01\/Lebensra\u0308ume02.png\" alt=\"\" class=\"wp-image-535\" srcset=\"https:\/\/abschied-aufbruch.de\/wp-content\/uploads\/2021\/01\/Lebensra\u0308ume02.png 680w, https:\/\/abschied-aufbruch.de\/wp-content\/uploads\/2021\/01\/Lebensra\u0308ume02-213x300.png 213w\" sizes=\"auto, (max-width: 680px) 100vw, 680px\" \/><\/figure>\n\n\n\n<figure class=\"wp-block-image size-large\"><img loading=\"lazy\" decoding=\"async\" width=\"676\" height=\"957\" src=\"https:\/\/abschied-aufbruch.de\/wp-content\/uploads\/2021\/01\/Lebensra\u0308ume03.png\" alt=\"\" class=\"wp-image-534\" srcset=\"https:\/\/abschied-aufbruch.de\/wp-content\/uploads\/2021\/01\/Lebensra\u0308ume03.png 676w, https:\/\/abschied-aufbruch.de\/wp-content\/uploads\/2021\/01\/Lebensra\u0308ume03-212x300.png 212w\" sizes=\"auto, (max-width: 676px) 100vw, 676px\" \/><\/figure>\n\n\n\n<figure class=\"wp-block-image size-large\"><img loading=\"lazy\" decoding=\"async\" width=\"678\" height=\"957\" src=\"https:\/\/abschied-aufbruch.de\/wp-content\/uploads\/2021\/01\/JuedFried_Katze01.png\" alt=\"\" class=\"wp-image-533\" srcset=\"https:\/\/abschied-aufbruch.de\/wp-content\/uploads\/2021\/01\/JuedFried_Katze01.png 678w, https:\/\/abschied-aufbruch.de\/wp-content\/uploads\/2021\/01\/JuedFried_Katze01-213x300.png 213w\" sizes=\"auto, (max-width: 678px) 100vw, 678px\" \/><figcaption>Lebensr\u00e4ume<\/figcaption><\/figure>\n\n\n\n<figure class=\"wp-block-image size-large is-resized\"><img loading=\"lazy\" decoding=\"async\" src=\"https:\/\/abschied-aufbruch.de\/wp-content\/uploads\/2021\/01\/Fru\u0308hlingserwachen.png\" alt=\"\" class=\"wp-image-551\" width=\"993\" height=\"1396\" srcset=\"https:\/\/abschied-aufbruch.de\/wp-content\/uploads\/2021\/01\/Fru\u0308hlingserwachen.png 680w, https:\/\/abschied-aufbruch.de\/wp-content\/uploads\/2021\/01\/Fru\u0308hlingserwachen-213x300.png 213w\" sizes=\"auto, (max-width: 993px) 100vw, 993px\" \/><\/figure>\n\n\n\n<figure class=\"wp-block-image size-large is-resized\"><img loading=\"lazy\" decoding=\"async\" src=\"https:\/\/abschied-aufbruch.de\/wp-content\/uploads\/2021\/01\/Lebensra\u0308ume04.png\" alt=\"\" class=\"wp-image-550\" width=\"992\" height=\"1403\" srcset=\"https:\/\/abschied-aufbruch.de\/wp-content\/uploads\/2021\/01\/Lebensra\u0308ume04.png 678w, https:\/\/abschied-aufbruch.de\/wp-content\/uploads\/2021\/01\/Lebensra\u0308ume04-212x300.png 212w\" sizes=\"auto, (max-width: 992px) 100vw, 992px\" \/><\/figure>\n\n\n\n<figure class=\"wp-block-image size-large is-resized\"><img loading=\"lazy\" decoding=\"async\" src=\"https:\/\/abschied-aufbruch.de\/wp-content\/uploads\/2021\/01\/Erinnerungen.png\" alt=\"\" class=\"wp-image-546\" width=\"988\" height=\"1390\" srcset=\"https:\/\/abschied-aufbruch.de\/wp-content\/uploads\/2021\/01\/Erinnerungen.png 678w, https:\/\/abschied-aufbruch.de\/wp-content\/uploads\/2021\/01\/Erinnerungen-213x300.png 213w\" sizes=\"auto, (max-width: 988px) 100vw, 988px\" \/><\/figure>\n\n\n\n<figure class=\"wp-block-image size-large\"><img loading=\"lazy\" decoding=\"async\" width=\"678\" height=\"958\" src=\"https:\/\/abschied-aufbruch.de\/wp-content\/uploads\/2021\/01\/Eingangshaus.png\" alt=\"\" class=\"wp-image-545\" srcset=\"https:\/\/abschied-aufbruch.de\/wp-content\/uploads\/2021\/01\/Eingangshaus.png 678w, https:\/\/abschied-aufbruch.de\/wp-content\/uploads\/2021\/01\/Eingangshaus-212x300.png 212w\" sizes=\"auto, (max-width: 678px) 100vw, 678px\" \/><\/figure>\n\n\n\n<p><\/p>\n","protected":false},"excerpt":{"rendered":"<p>Mein Fotoprojekt Der alte j\u00fcdischer Friedhof Regensburg, Schillerstra\u00dfe erstreckte sich \u00fcber den Zeitraum von zwei Jahren und ist die Einladung, dort einfach mal vorbeizugucken. W\u00e4hrend meiner Dutzenden von Besuchen die letzten Jahre traf ich dort insgesamt h\u00f6chstens 20 weitere Besucher. Er ist allemal einen Besuch wert. Eine kleine andere Welt- mitten in Regensburg.<\/p>\n","protected":false},"author":1,"featured_media":0,"parent":0,"menu_order":0,"comment_status":"closed","ping_status":"closed","template":"","meta":{"ngg_post_thumbnail":0,"footnotes":""},"class_list":["post-659","page","type-page","status-publish","hentry"],"_links":{"self":[{"href":"https:\/\/abschied-aufbruch.de\/index.php?rest_route=\/wp\/v2\/pages\/659","targetHints":{"allow":["GET"]}}],"collection":[{"href":"https:\/\/abschied-aufbruch.de\/index.php?rest_route=\/wp\/v2\/pages"}],"about":[{"href":"https:\/\/abschied-aufbruch.de\/index.php?rest_route=\/wp\/v2\/types\/page"}],"author":[{"embeddable":true,"href":"https:\/\/abschied-aufbruch.de\/index.php?rest_route=\/wp\/v2\/users\/1"}],"replies":[{"embeddable":true,"href":"https:\/\/abschied-aufbruch.de\/index.php?rest_route=%2Fwp%2Fv2%2Fcomments&post=659"}],"version-history":[{"count":1,"href":"https:\/\/abschied-aufbruch.de\/index.php?rest_route=\/wp\/v2\/pages\/659\/revisions"}],"predecessor-version":[{"id":661,"href":"https:\/\/abschied-aufbruch.de\/index.php?rest_route=\/wp\/v2\/pages\/659\/revisions\/661"}],"wp:attachment":[{"href":"https:\/\/abschied-aufbruch.de\/index.php?rest_route=%2Fwp%2Fv2%2Fmedia&parent=659"}],"curies":[{"name":"wp","href":"https:\/\/api.w.org\/{rel}","templated":true}]}}